{"id":41983,"date":"2026-03-04T00:04:09","date_gmt":"2026-03-04T06:04:09","guid":{"rendered":"https:\/\/crateronfire.net\/habitat\/?page_id=41983"},"modified":"2026-03-04T01:40:57","modified_gmt":"2026-03-04T07:40:57","slug":"nosotros","status":"publish","type":"page","link":"https:\/\/crateronfire.net\/habitat\/nosotros\/","title":{"rendered":"Nosotros"},"content":{"rendered":"\t\t<div data-elementor-type=\"wp-page\" data-elementor-id=\"41983\" class=\"elementor elementor-41983\">\n\t\t\t\t<div class=\"elementor-element elementor-element-6ddfa9f e-flex e-con-boxed e-con e-parent\" data-id=\"6ddfa9f\" data-element_type=\"container\" data-e-type=\"container\">\n\t\t\t\t\t<div class=\"e-con-inner\">\n\t\t<div class=\"elementor-element elementor-element-6d3fc15 e-con-full e-flex e-con e-child\" data-id=\"6d3fc15\" data-element_type=\"container\" data-e-type=\"container\">\n\t\t\t\t<div class=\"elementor-element elementor-element-ddacf32 elementor-widget elementor-widget-heading\" data-id=\"ddacf32\" data-element_type=\"widget\" data-e-type=\"widget\" data-widget_type=\"heading.default\">\n\t\t\t\t\t<h2 class=\"elementor-heading-title elementor-size-default\">Habitat Garden:<\/h2>\t\t\t\t<\/div>\n\t\t\t\t<div class=\"elementor-element elementor-element-a80d6aa elementor-invisible elementor-widget elementor-widget-text-editor\" data-id=\"a80d6aa\" data-element_type=\"widget\" data-e-type=\"widget\" data-settings=\"{&quot;_animation&quot;:&quot;fadeInDown&quot;}\" data-widget_type=\"text-editor.default\">\n\t\t\t\t\t\t\t\t\t<p>Los expertos en<br \/>Mobiliario para exterior<\/p>\t\t\t\t\t\t\t\t<\/div>\n\t\t\t\t<div class=\"elementor-element elementor-element-fa6d004 elementor-widget elementor-widget-text-editor\" data-id=\"fa6d004\" data-element_type=\"widget\" data-e-type=\"widget\" data-widget_type=\"text-editor.default\">\n\t\t\t\t\t\t\t\t\t<p>Desde 2005, en Habitat Garden hemos dedicado nuestra pasi\u00f3n y experiencia a transformar espacios al aire libre en lugares<br \/>llenos de vida, armon\u00eda y confort. Nacimos con una visi\u00f3n clara: crear mobiliario para exterior que combine dise\u00f1o, calidad y durabilidad, permitiendo que jardines, terrazas, patios y balcones se conviertan en aut\u00e9nticos refugios para disfrutar, convivir y conectar con la naturaleza.<br \/><br \/>A lo largo de los a\u00f1os, hemos evolucionado junto con nuestros clientes. Lo que inici\u00f3 como un peque\u00f1o taller y tienda enfocado en fabricar y comercializar muebles resistentes y funcionales, hoy es una marca consolidada que ofrece una amplia colecci\u00f3n de mobiliario exterior capaz de adaptarse a diferentes estilos, necesidades y tama\u00f1os de espacio.<br \/>Dise\u00f1amos cada pieza pensando en su prop\u00f3sito, en su est\u00e9tica y en su capacidad de brindar bienestar en cada uso.<\/p>\t\t\t\t\t\t\t\t<\/div>\n\t\t\t\t<\/div>\n\t\t<div class=\"elementor-element elementor-element-ff0e8b3 e-con-full e-flex e-con e-child\" data-id=\"ff0e8b3\" data-element_type=\"container\" data-e-type=\"container\" data-settings=\"{&quot;background_background&quot;:&quot;classic&quot;}\">\n\t\t\t\t<div class=\"elementor-element elementor-element-bce8fd8 elementor-widget elementor-widget-image\" data-id=\"bce8fd8\" data-element_type=\"widget\" data-e-type=\"widget\" data-widget_type=\"image.default\">\n\t\t\t\t\t\t\t\t\t\t\t\t\t\t\t<img fetchpriority=\"high\" decoding=\"async\" width=\"891\" height=\"962\" src=\"https:\/\/crateronfire.net\/habitat\/wp-content\/uploads\/2026\/03\/img-nosotros.png\" class=\"attachment-large size-large wp-image-41987\" alt=\"\" \/>\t\t\t\t\t\t\t\t\t\t\t\t\t\t\t<\/div>\n\t\t\t\t<\/div>\n\t\t\t\t\t<\/div>\n\t\t\t\t<\/div>\n\t\t<div class=\"elementor-element elementor-element-266ad12 e-flex e-con-boxed e-con e-parent\" data-id=\"266ad12\" data-element_type=\"container\" data-e-type=\"container\">\n\t\t\t\t\t<div class=\"e-con-inner\">\n\t\t<div class=\"elementor-element elementor-element-c8a4430 e-con-full e-flex e-con e-child\" data-id=\"c8a4430\" data-element_type=\"container\" data-e-type=\"container\" data-settings=\"{&quot;background_background&quot;:&quot;classic&quot;}\">\n\t\t\t\t<div class=\"elementor-element elementor-element-e74b639 elementor-widget elementor-widget-heading\" data-id=\"e74b639\" data-element_type=\"widget\" data-e-type=\"widget\" data-widget_type=\"heading.default\">\n\t\t\t\t\t<h2 class=\"elementor-heading-title elementor-size-default\">Nuestra <span style=\"font-weight:bold;color:#754115\">Misi\u00f3n<\/span><\/h2>\t\t\t\t<\/div>\n\t\t\t\t<div class=\"elementor-element elementor-element-694091e elementor-widget elementor-widget-text-editor\" data-id=\"694091e\" data-element_type=\"widget\" data-e-type=\"widget\" data-widget_type=\"text-editor.default\">\n\t\t\t\t\t\t\t\t\t<p>Brindar mobiliario para exteriores que inspire y facilite la creaci\u00f3n de ambientes \u00fanicos, confortables y duraderos. Nos enfocamos en seleccionar materiales resistentes a la intemperie, en dise\u00f1ar productos funcionales y en ofrecer una experiencia honesta y cercana que ayude a cada cliente a encontrar la soluci\u00f3n perfecta para su espacio exterior.<\/p>\t\t\t\t\t\t\t\t<\/div>\n\t\t\t\t<\/div>\n\t\t<div class=\"elementor-element elementor-element-2ea93d9 e-con-full e-flex e-con e-child\" data-id=\"2ea93d9\" data-element_type=\"container\" data-e-type=\"container\" data-settings=\"{&quot;background_background&quot;:&quot;classic&quot;}\">\n\t\t\t\t<div class=\"elementor-element elementor-element-89a5ad8 elementor-widget elementor-widget-heading\" data-id=\"89a5ad8\" data-element_type=\"widget\" data-e-type=\"widget\" data-widget_type=\"heading.default\">\n\t\t\t\t\t<h2 class=\"elementor-heading-title elementor-size-default\">Nuestra <span style=\"font-weight:bold;color:#7acc00\">Visi\u00f3n<\/span><\/h2>\t\t\t\t<\/div>\n\t\t\t\t<div class=\"elementor-element elementor-element-0074f62 elementor-widget elementor-widget-text-editor\" data-id=\"0074f62\" data-element_type=\"widget\" data-e-type=\"widget\" data-widget_type=\"text-editor.default\">\n\t\t\t\t\t\t\t\t\t<p>Ser la marca referente en M\u00e9xico en mobiliario exterior, reconocida por su dise\u00f1o, calidad e innovaci\u00f3n, con una visi\u00f3n de expansi\u00f3n internacional. Queremos inspirar a m\u00e1s personas a redescubrir sus espacios al aire libre y a disfrutar de ellos como una extensi\u00f3n natural de su hogar.<\/p>\t\t\t\t\t\t\t\t<\/div>\n\t\t\t\t<\/div>\n\t\t\t\t\t<\/div>\n\t\t\t\t<\/div>\n\t\t<div class=\"elementor-element elementor-element-858f0dd e-flex e-con-boxed e-con e-parent\" data-id=\"858f0dd\" data-element_type=\"container\" data-e-type=\"container\">\n\t\t\t\t\t<div class=\"e-con-inner\">\n\t\t<div class=\"elementor-element elementor-element-871b3aa e-con-full e-flex e-con e-child\" data-id=\"871b3aa\" data-element_type=\"container\" data-e-type=\"container\" data-settings=\"{&quot;background_background&quot;:&quot;classic&quot;}\">\n\t\t\t\t<div class=\"elementor-element elementor-element-a0e90e9 elementor-widget elementor-widget-image\" data-id=\"a0e90e9\" data-element_type=\"widget\" data-e-type=\"widget\" data-widget_type=\"image.default\">\n\t\t\t\t\t\t\t\t\t\t\t\t\t\t\t<img decoding=\"async\" width=\"577\" height=\"400\" src=\"https:\/\/crateronfire.net\/habitat\/wp-content\/uploads\/2026\/03\/img-nosotros2.jpg\" class=\"attachment-large size-large wp-image-42069\" alt=\"\" \/>\t\t\t\t\t\t\t\t\t\t\t\t\t\t\t<\/div>\n\t\t\t\t<\/div>\n\t\t<div class=\"elementor-element elementor-element-f4d6beb e-con-full e-flex e-con e-child\" data-id=\"f4d6beb\" data-element_type=\"container\" data-e-type=\"container\">\n\t\t\t\t<div class=\"elementor-element elementor-element-e73254a elementor-widget elementor-widget-heading\" data-id=\"e73254a\" data-element_type=\"widget\" data-e-type=\"widget\" data-widget_type=\"heading.default\">\n\t\t\t\t\t<h2 class=\"elementor-heading-title elementor-size-default\">Nuestros <span style=\"font-weight:bold;color:#7acc00\">Valores<\/span><\/h2>\t\t\t\t<\/div>\n\t\t\t\t<div class=\"elementor-element elementor-element-fa9678c elementor-widget elementor-widget-text-editor\" data-id=\"fa9678c\" data-element_type=\"widget\" data-e-type=\"widget\" data-widget_type=\"text-editor.default\">\n\t\t\t\t\t\t\t\t\t<p>En Habitat Garden trabajamos guiados por principios que dan vida a cada pieza que fabricamos y a cada experiencia que ofrecemos:<\/p>\t\t\t\t\t\t\t\t<\/div>\n\t\t<div class=\"elementor-element elementor-element-2e598ec e-grid e-con-full e-con e-child\" data-id=\"2e598ec\" data-element_type=\"container\" data-e-type=\"container\">\n\t\t<div class=\"elementor-element elementor-element-4d1b715 e-con-full e-flex e-con e-child\" data-id=\"4d1b715\" data-element_type=\"container\" data-e-type=\"container\">\n\t\t<div class=\"elementor-element elementor-element-21788f3 e-con-full e-flex e-con e-child\" data-id=\"21788f3\" data-element_type=\"container\" data-e-type=\"container\">\n\t\t\t\t<div class=\"elementor-element elementor-element-1d4abb6 elementor-widget elementor-widget-image\" data-id=\"1d4abb6\" data-element_type=\"widget\" data-e-type=\"widget\" data-widget_type=\"image.default\">\n\t\t\t\t\t\t\t\t\t\t\t\t\t\t\t<img decoding=\"async\" width=\"450\" height=\"450\" src=\"https:\/\/crateronfire.net\/habitat\/wp-content\/uploads\/2026\/03\/ico-calidad.png\" class=\"attachment-large size-large wp-image-42001\" alt=\"\" \/>\t\t\t\t\t\t\t\t\t\t\t\t\t\t\t<\/div>\n\t\t\t\t<\/div>\n\t\t<div class=\"elementor-element elementor-element-9cca0c9 e-con-full e-flex e-con e-child\" data-id=\"9cca0c9\" data-element_type=\"container\" data-e-type=\"container\">\n\t\t\t\t<div class=\"elementor-element elementor-element-efc1603 elementor-widget elementor-widget-heading\" data-id=\"efc1603\" data-element_type=\"widget\" data-e-type=\"widget\" data-widget_type=\"heading.default\">\n\t\t\t\t\t<h2 class=\"elementor-heading-title elementor-size-default\">Calidad duradera:<\/h2>\t\t\t\t<\/div>\n\t\t\t\t<div class=\"elementor-element elementor-element-aa5b2a5 elementor-widget elementor-widget-text-editor\" data-id=\"aa5b2a5\" data-element_type=\"widget\" data-e-type=\"widget\" data-widget_type=\"text-editor.default\">\n\t\t\t\t\t\t\t\t\t<p>Mobiliario resistente, confiable y pensado para acompa\u00f1ar grandes momentos por muchos a\u00f1os.<\/p>\t\t\t\t\t\t\t\t<\/div>\n\t\t\t\t<\/div>\n\t\t\t\t<\/div>\n\t\t<div class=\"elementor-element elementor-element-4963a79 e-con-full e-flex e-con e-child\" data-id=\"4963a79\" data-element_type=\"container\" data-e-type=\"container\">\n\t\t<div class=\"elementor-element elementor-element-30276ff e-con-full e-flex e-con e-child\" data-id=\"30276ff\" data-element_type=\"container\" data-e-type=\"container\">\n\t\t\t\t<div class=\"elementor-element elementor-element-bc5d368 elementor-widget elementor-widget-image\" data-id=\"bc5d368\" data-element_type=\"widget\" data-e-type=\"widget\" data-widget_type=\"image.default\">\n\t\t\t\t\t\t\t\t\t\t\t\t\t\t\t<img loading=\"lazy\" decoding=\"async\" width=\"450\" height=\"450\" src=\"https:\/\/crateronfire.net\/habitat\/wp-content\/uploads\/2026\/03\/ico-diseno.png\" class=\"attachment-large size-large wp-image-41995\" alt=\"\" \/>\t\t\t\t\t\t\t\t\t\t\t\t\t\t\t<\/div>\n\t\t\t\t<\/div>\n\t\t<div class=\"elementor-element elementor-element-8e4002a e-con-full e-flex e-con e-child\" data-id=\"8e4002a\" data-element_type=\"container\" data-e-type=\"container\">\n\t\t\t\t<div class=\"elementor-element elementor-element-87f2f77 elementor-widget elementor-widget-heading\" data-id=\"87f2f77\" data-element_type=\"widget\" data-e-type=\"widget\" data-widget_type=\"heading.default\">\n\t\t\t\t\t<h2 class=\"elementor-heading-title elementor-size-default\">Dise\u00f1o con prop\u00f3sito:<\/h2>\t\t\t\t<\/div>\n\t\t\t\t<div class=\"elementor-element elementor-element-c92a901 elementor-widget elementor-widget-text-editor\" data-id=\"c92a901\" data-element_type=\"widget\" data-e-type=\"widget\" data-widget_type=\"text-editor.default\">\n\t\t\t\t\t\t\t\t\t<p>Est\u00e9tica, ergonom\u00eda y funcionalidad que transforman espacios y elevan la experiencia al aire libre.<\/p>\t\t\t\t\t\t\t\t<\/div>\n\t\t\t\t<\/div>\n\t\t\t\t<\/div>\n\t\t<div class=\"elementor-element elementor-element-5a9a5ae e-con-full e-flex e-con e-child\" data-id=\"5a9a5ae\" data-element_type=\"container\" data-e-type=\"container\">\n\t\t<div class=\"elementor-element elementor-element-5994037 e-con-full e-flex e-con e-child\" data-id=\"5994037\" data-element_type=\"container\" data-e-type=\"container\">\n\t\t\t\t<div class=\"elementor-element elementor-element-373fa0a elementor-widget elementor-widget-image\" data-id=\"373fa0a\" data-element_type=\"widget\" data-e-type=\"widget\" data-widget_type=\"image.default\">\n\t\t\t\t\t\t\t\t\t\t\t\t\t\t\t<img loading=\"lazy\" decoding=\"async\" width=\"450\" height=\"450\" src=\"https:\/\/crateronfire.net\/habitat\/wp-content\/uploads\/2026\/03\/ico-naturaleza.png\" class=\"attachment-large size-large wp-image-41999\" alt=\"\" \/>\t\t\t\t\t\t\t\t\t\t\t\t\t\t\t<\/div>\n\t\t\t\t<\/div>\n\t\t<div class=\"elementor-element elementor-element-a2a4ef5 e-con-full e-flex e-con e-child\" data-id=\"a2a4ef5\" data-element_type=\"container\" data-e-type=\"container\">\n\t\t\t\t<div class=\"elementor-element elementor-element-d0d4dcf elementor-widget elementor-widget-heading\" data-id=\"d0d4dcf\" data-element_type=\"widget\" data-e-type=\"widget\" data-widget_type=\"heading.default\">\n\t\t\t\t\t<h2 class=\"elementor-heading-title elementor-size-default\">Conexi\u00f3n con la naturaleza:<\/h2>\t\t\t\t<\/div>\n\t\t\t\t<div class=\"elementor-element elementor-element-64625ac elementor-widget elementor-widget-text-editor\" data-id=\"64625ac\" data-element_type=\"widget\" data-e-type=\"widget\" data-widget_type=\"text-editor.default\">\n\t\t\t\t\t\t\t\t\t<p>Creemos en el valor de disfrutar el exterior, respirar, convivir y encontrar equilibrio en \u00e9l.<\/p>\t\t\t\t\t\t\t\t<\/div>\n\t\t\t\t<\/div>\n\t\t\t\t<\/div>\n\t\t<div class=\"elementor-element elementor-element-54668ac e-con-full e-flex e-con e-child\" data-id=\"54668ac\" data-element_type=\"container\" data-e-type=\"container\">\n\t\t<div class=\"elementor-element elementor-element-912c662 e-con-full e-flex e-con e-child\" data-id=\"912c662\" data-element_type=\"container\" data-e-type=\"container\">\n\t\t\t\t<div class=\"elementor-element elementor-element-d9cba6e elementor-widget elementor-widget-image\" data-id=\"d9cba6e\" data-element_type=\"widget\" data-e-type=\"widget\" data-widget_type=\"image.default\">\n\t\t\t\t\t\t\t\t\t\t\t\t\t\t\t<img loading=\"lazy\" decoding=\"async\" width=\"450\" height=\"450\" src=\"https:\/\/crateronfire.net\/habitat\/wp-content\/uploads\/2026\/03\/ico-honestidad.png\" class=\"attachment-large size-large wp-image-41997\" alt=\"\" \/>\t\t\t\t\t\t\t\t\t\t\t\t\t\t\t<\/div>\n\t\t\t\t<\/div>\n\t\t<div class=\"elementor-element elementor-element-825a97b e-con-full e-flex e-con e-child\" data-id=\"825a97b\" data-element_type=\"container\" data-e-type=\"container\">\n\t\t\t\t<div class=\"elementor-element elementor-element-3175b05 elementor-widget elementor-widget-heading\" data-id=\"3175b05\" data-element_type=\"widget\" data-e-type=\"widget\" data-widget_type=\"heading.default\">\n\t\t\t\t\t<h2 class=\"elementor-heading-title elementor-size-default\">Honestidad y cercan\u00eda:<\/h2>\t\t\t\t<\/div>\n\t\t\t\t<div class=\"elementor-element elementor-element-77c2591 elementor-widget elementor-widget-text-editor\" data-id=\"77c2591\" data-element_type=\"widget\" data-e-type=\"widget\" data-widget_type=\"text-editor.default\">\n\t\t\t\t\t\t\t\t\t<p>Acompa\u00f1amos a nuestros clientes con asesor\u00eda aut\u00e9ntica, servicio transparente y atenci\u00f3n personalizada.<\/p>\t\t\t\t\t\t\t\t<\/div>\n\t\t\t\t<\/div>\n\t\t\t\t<\/div>\n\t\t<div class=\"elementor-element elementor-element-1e7bf01 e-con-full e-flex e-con e-child\" data-id=\"1e7bf01\" data-element_type=\"container\" data-e-type=\"container\">\n\t\t<div class=\"elementor-element elementor-element-3bcd6da e-con-full e-flex e-con e-child\" data-id=\"3bcd6da\" data-element_type=\"container\" data-e-type=\"container\">\n\t\t\t\t<div class=\"elementor-element elementor-element-09600e1 elementor-widget elementor-widget-image\" data-id=\"09600e1\" data-element_type=\"widget\" data-e-type=\"widget\" data-widget_type=\"image.default\">\n\t\t\t\t\t\t\t\t\t\t\t\t\t\t\t<img loading=\"lazy\" decoding=\"async\" width=\"450\" height=\"450\" src=\"https:\/\/crateronfire.net\/habitat\/wp-content\/uploads\/2026\/03\/ico-innovacion.png\" class=\"attachment-large size-large wp-image-41998\" alt=\"\" \/>\t\t\t\t\t\t\t\t\t\t\t\t\t\t\t<\/div>\n\t\t\t\t<\/div>\n\t\t<div class=\"elementor-element elementor-element-9fa6de9 e-con-full e-flex e-con e-child\" data-id=\"9fa6de9\" data-element_type=\"container\" data-e-type=\"container\">\n\t\t\t\t<div class=\"elementor-element elementor-element-8aab5f6 elementor-widget elementor-widget-heading\" data-id=\"8aab5f6\" data-element_type=\"widget\" data-e-type=\"widget\" data-widget_type=\"heading.default\">\n\t\t\t\t\t<h2 class=\"elementor-heading-title elementor-size-default\">Innovaci\u00f3n constante:<\/h2>\t\t\t\t<\/div>\n\t\t\t\t<div class=\"elementor-element elementor-element-af6873a elementor-widget elementor-widget-text-editor\" data-id=\"af6873a\" data-element_type=\"widget\" data-e-type=\"widget\" data-widget_type=\"text-editor.default\">\n\t\t\t\t\t\t\t\t\t<p>Evolucionamos con tendencias, materiales y estilos de vida modernos.<\/p>\t\t\t\t\t\t\t\t<\/div>\n\t\t\t\t<\/div>\n\t\t\t\t<\/div>\n\t\t<div class=\"elementor-element elementor-element-6fc433f e-con-full e-flex e-con e-child\" data-id=\"6fc433f\" data-element_type=\"container\" data-e-type=\"container\">\n\t\t<div class=\"elementor-element elementor-element-37ef9d1 e-con-full e-flex e-con e-child\" data-id=\"37ef9d1\" data-element_type=\"container\" data-e-type=\"container\">\n\t\t\t\t<div class=\"elementor-element elementor-element-c2a00f8 elementor-widget elementor-widget-image\" data-id=\"c2a00f8\" data-element_type=\"widget\" data-e-type=\"widget\" data-widget_type=\"image.default\">\n\t\t\t\t\t\t\t\t\t\t\t\t\t\t\t<img loading=\"lazy\" decoding=\"async\" width=\"450\" height=\"450\" src=\"https:\/\/crateronfire.net\/habitat\/wp-content\/uploads\/2026\/03\/ico-ambiental.png\" class=\"attachment-large size-large wp-image-42000\" alt=\"\" \/>\t\t\t\t\t\t\t\t\t\t\t\t\t\t\t<\/div>\n\t\t\t\t<\/div>\n\t\t<div class=\"elementor-element elementor-element-fe1c7ed e-con-full e-flex e-con e-child\" data-id=\"fe1c7ed\" data-element_type=\"container\" data-e-type=\"container\">\n\t\t\t\t<div class=\"elementor-element elementor-element-8245241 elementor-widget elementor-widget-heading\" data-id=\"8245241\" data-element_type=\"widget\" data-e-type=\"widget\" data-widget_type=\"heading.default\">\n\t\t\t\t\t<h2 class=\"elementor-heading-title elementor-size-default\">Calidad duradera:<\/h2>\t\t\t\t<\/div>\n\t\t\t\t<div class=\"elementor-element elementor-element-1386703 elementor-widget elementor-widget-text-editor\" data-id=\"1386703\" data-element_type=\"widget\" data-e-type=\"widget\" data-widget_type=\"text-editor.default\">\n\t\t\t\t\t\t\t\t\t<p>Trabajamos con conciencia, cuidando procesos y materiales para minimizar nuestro impacto en el entorno.<\/p>\t\t\t\t\t\t\t\t<\/div>\n\t\t\t\t<\/div>\n\t\t\t\t<\/div>\n\t\t<div class=\"elementor-element elementor-element-6506cc6 e-con-full e-flex e-con e-child\" data-id=\"6506cc6\" data-element_type=\"container\" data-e-type=\"container\">\n\t\t<div class=\"elementor-element elementor-element-dbd8d35 e-con-full e-flex e-con e-child\" data-id=\"dbd8d35\" data-element_type=\"container\" data-e-type=\"container\">\n\t\t\t\t<div class=\"elementor-element elementor-element-0a3a3cc elementor-widget elementor-widget-image\" data-id=\"0a3a3cc\" data-element_type=\"widget\" data-e-type=\"widget\" data-widget_type=\"image.default\">\n\t\t\t\t\t\t\t\t\t\t\t\t\t\t\t<img loading=\"lazy\" decoding=\"async\" width=\"450\" height=\"450\" src=\"https:\/\/crateronfire.net\/habitat\/wp-content\/uploads\/2026\/03\/ico-experiencia.png\" class=\"attachment-large size-large wp-image-41996\" alt=\"\" \/>\t\t\t\t\t\t\t\t\t\t\t\t\t\t\t<\/div>\n\t\t\t\t<\/div>\n\t\t<div class=\"elementor-element elementor-element-e0dbd8c e-con-full e-flex e-con e-child\" data-id=\"e0dbd8c\" data-element_type=\"container\" data-e-type=\"container\">\n\t\t\t\t<div class=\"elementor-element elementor-element-372be0a elementor-widget elementor-widget-heading\" data-id=\"372be0a\" data-element_type=\"widget\" data-e-type=\"widget\" data-widget_type=\"heading.default\">\n\t\t\t\t\t<h2 class=\"elementor-heading-title elementor-size-default\">Experiencia al cliente:<\/h2>\t\t\t\t<\/div>\n\t\t\t\t<div class=\"elementor-element elementor-element-ba7e336 elementor-widget elementor-widget-text-editor\" data-id=\"ba7e336\" data-element_type=\"widget\" data-e-type=\"widget\" data-widget_type=\"text-editor.default\">\n\t\t\t\t\t\t\t\t\t<p>Buscamos que cada interacci\u00f3n sea grata, confiable y memorable.<\/p>\t\t\t\t\t\t\t\t<\/div>\n\t\t\t\t<\/div>\n\t\t\t\t<\/div>\n\t\t\t\t<\/div>\n\t\t\t\t<\/div>\n\t\t\t\t\t<\/div>\n\t\t\t\t<\/div>\n\t\t\t\t<\/div>\n\t\t","protected":false},"excerpt":{"rendered":"<p>Habitat Garden: Los expertos enMobiliario para exterior Desde 2005, en Habitat Garden hemos dedicado nuestra pasi\u00f3n y experiencia a transformar espacios al aire libre en lugaresllenos de vida, armon\u00eda y confort. Nacimos con una visi\u00f3n clara: crear mobiliario para exterior que combine dise\u00f1o, calidad y durabilidad, permitiendo que jardines, terrazas, patios y balcones se conviertan [&hellip;]<\/p>\n","protected":false},"author":1,"featured_media":0,"parent":0,"menu_order":0,"comment_status":"closed","ping_status":"closed","template":"","meta":{"footnotes":""},"class_list":["post-41983","page","type-page","status-publish","hentry"],"_links":{"self":[{"href":"https:\/\/crateronfire.net\/habitat\/wp-json\/wp\/v2\/pages\/41983","targetHints":{"allow":["GET"]}}],"collection":[{"href":"https:\/\/crateronfire.net\/habitat\/wp-json\/wp\/v2\/pages"}],"about":[{"href":"https:\/\/crateronfire.net\/habitat\/wp-json\/wp\/v2\/types\/page"}],"author":[{"embeddable":true,"href":"https:\/\/crateronfire.net\/habitat\/wp-json\/wp\/v2\/users\/1"}],"replies":[{"embeddable":true,"href":"https:\/\/crateronfire.net\/habitat\/wp-json\/wp\/v2\/comments?post=41983"}],"version-history":[{"count":79,"href":"https:\/\/crateronfire.net\/habitat\/wp-json\/wp\/v2\/pages\/41983\/revisions"}],"predecessor-version":[{"id":42075,"href":"https:\/\/crateronfire.net\/habitat\/wp-json\/wp\/v2\/pages\/41983\/revisions\/42075"}],"wp:attachment":[{"href":"https:\/\/crateronfire.net\/habitat\/wp-json\/wp\/v2\/media?parent=41983"}],"curies":[{"name":"wp","href":"https:\/\/api.w.org\/{rel}","templated":true}]}}