{"id":42132,"date":"2026-03-17T17:14:45","date_gmt":"2026-03-17T23:14:45","guid":{"rendered":"https:\/\/crateronfire.net\/habitat\/?post_type=product&#038;p=42132"},"modified":"2026-03-17T17:14:45","modified_gmt":"2026-03-17T23:14:45","slug":"producto-sintetico-ejemplo","status":"publish","type":"product","link":"https:\/\/crateronfire.net\/habitat\/producto\/producto-sintetico-ejemplo\/","title":{"rendered":"Producto Sint\u00e9tico Ejemplo"},"content":{"rendered":"<p>Descripci\u00f3n Producto Sint\u00e9tico Ejemplo<\/p>\n","protected":false},"excerpt":{"rendered":"<p>Descripci\u00f3n corta Producto Sint\u00e9tico Ejemplo<\/p>\n","protected":false},"featured_media":42128,"comment_status":"open","ping_status":"closed","template":"","meta":[],"product_brand":[],"product_cat":[165],"product_tag":[],"class_list":{"0":"post-42132","1":"product","2":"type-product","3":"status-publish","4":"has-post-thumbnail","6":"product_cat-muebles-sinteticos","9":"first","10":"instock","11":"shipping-taxable","12":"product-type-simple"},"_links":{"self":[{"href":"https:\/\/crateronfire.net\/habitat\/wp-json\/wp\/v2\/product\/42132","targetHints":{"allow":["GET"]}}],"collection":[{"href":"https:\/\/crateronfire.net\/habitat\/wp-json\/wp\/v2\/product"}],"about":[{"href":"https:\/\/crateronfire.net\/habitat\/wp-json\/wp\/v2\/types\/product"}],"replies":[{"embeddable":true,"href":"https:\/\/crateronfire.net\/habitat\/wp-json\/wp\/v2\/comments?post=42132"}],"wp:featuredmedia":[{"embeddable":true,"href":"https:\/\/crateronfire.net\/habitat\/wp-json\/wp\/v2\/media\/42128"}],"wp:attachment":[{"href":"https:\/\/crateronfire.net\/habitat\/wp-json\/wp\/v2\/media?parent=42132"}],"wp:term":[{"taxonomy":"product_brand","embeddable":true,"href":"https:\/\/crateronfire.net\/habitat\/wp-json\/wp\/v2\/product_brand?post=42132"},{"taxonomy":"product_cat","embeddable":true,"href":"https:\/\/crateronfire.net\/habitat\/wp-json\/wp\/v2\/product_cat?post=42132"},{"taxonomy":"product_tag","embeddable":true,"href":"https:\/\/crateronfire.net\/habitat\/wp-json\/wp\/v2\/product_tag?post=42132"}],"curies":[{"name":"wp","href":"https:\/\/api.w.org\/{rel}","templated":true}]}}